{"id":32197,"date":"2025-03-21T10:50:14","date_gmt":"2025-03-21T09:50:14","guid":{"rendered":"https:\/\/entefire.it\/fire\/?page_id=32197"},"modified":"2025-08-29T15:58:21","modified_gmt":"2025-08-29T13:58:21","slug":"f-ire-report-dimpatto-2024","status":"publish","type":"page","link":"https:\/\/entefire.it\/fire\/f-ire-report-dimpatto-2024\/","title":{"rendered":"Report d&#8217;impatto 2024"},"content":{"rendered":"<p>[et_pb_section fb_built=&#8221;1&#8243; admin_label=&#8221;Header&#8221; _builder_version=&#8221;4.27.4&#8243; _module_preset=&#8221;default&#8221; use_background_color_gradient=&#8221;on&#8221; background_color_gradient_direction=&#8221;153deg&#8221; background_color_gradient_stops=&#8221;rgba(255,255,255,0) 0vw|#0a0a0a 100vw&#8221; background_color_gradient_unit=&#8221;vw&#8221; background_color_gradient_overlays_image=&#8221;on&#8221; background_image=&#8221;https:\/\/entefire.it\/fire\/wp-content\/uploads\/overhead-aerial-shot-thick-forest-with-beautiful-trees-greenery-scaled_processed_by_imagy.jpg&#8221; background_blend=&#8221;lighten&#8221; min_height=&#8221;203.8px&#8221; custom_margin=&#8221;||||false|false&#8221; custom_padding=&#8221;54px||47px|||&#8221; hover_enabled=&#8221;0&#8243; locked=&#8221;off&#8221; collapsed=&#8221;on&#8221; global_colors_info=&#8221;{}&#8221; alt=&#8221;sostenibili\u00e0&#8221; title_text=&#8221;overhead-aerial-shot-thick-forest-with-beautiful-trees-greenery-scaled_processed_by_imagy&#8221; sticky_enabled=&#8221;0&#8243;][et_pb_row column_structure=&#8221;1_2,1_2&#8243; _builder_version=&#8221;4.27.4&#8243; _module_preset=&#8221;default&#8221; global_colors_info=&#8221;{}&#8221;][et_pb_column type=&#8221;1_2&#8243; _builder_version=&#8221;4.27.4&#8243; _module_preset=&#8221;default&#8221; global_colors_info=&#8221;{}&#8221;][et_pb_text _builder_version=&#8221;4.27.4&#8243; _module_preset=&#8221;c16985e1-e0d6-4022-964d-e2bfc04fa633&#8243; text_font_size=&#8221;13px&#8221; header_font=&#8221;Inter|700|||||||&#8221; header_text_color=&#8221;#FFFFFF&#8221; header_font_size=&#8221;41px&#8221; header_line_height=&#8221;1.2em&#8221; custom_margin=&#8221;|-565px||||&#8221; header_font_size_tablet=&#8221;40px&#8221; header_font_size_phone=&#8221;24px&#8221; header_font_size_last_edited=&#8221;on|desktop&#8221; global_colors_info=&#8221;{}&#8221;]<\/p>\n<h1 style=\"text-align: center;\"><span style=\"color: #ffffff;\">Relazione d&#8217;impatto 2024<\/span><\/h1>\n<p><span style=\"color: #ffffff;\">\u00a0<\/span><\/p>\n<p>[\/et_pb_text][et_pb_text _builder_version=&#8221;4.27.4&#8243; _module_preset=&#8221;default&#8221; header_font_size=&#8221;29px&#8221; header_3_font_size=&#8221;17px&#8221; global_colors_info=&#8221;{}&#8221;][\/et_pb_text][\/et_pb_column][et_pb_column type=&#8221;1_2&#8243; _builder_version=&#8221;4.17.4&#8243; _module_preset=&#8221;default&#8221; global_colors_info=&#8221;{}&#8221;][\/et_pb_column][\/et_pb_row][\/et_pb_section][et_pb_section fb_built=&#8221;1&#8243; custom_padding_last_edited=&#8221;on|phone&#8221; _builder_version=&#8221;4.27.4&#8243; _module_preset=&#8221;default&#8221; background_color=&#8221;#91b23c&#8221; custom_padding_tablet=&#8221;&#8221; custom_padding_phone=&#8221;25px||25px||false|false&#8221; global_colors_info=&#8221;{}&#8221;][et_pb_row _builder_version=&#8221;4.25.0&#8243; _module_preset=&#8221;default&#8221; global_colors_info=&#8221;{}&#8221;][et_pb_column type=&#8221;4_4&#8243; _builder_version=&#8221;4.25.0&#8243; _module_preset=&#8221;default&#8221; global_colors_info=&#8221;{}&#8221;][et_pb_heading title=&#8221;F.IRE Societ\u00e0 Benefit&#8221; _builder_version=&#8221;4.25.0&#8243; _module_preset=&#8221;default&#8221; title_text_align=&#8221;center&#8221; title_text_color=&#8221;#FFFFFF&#8221; global_colors_info=&#8221;{}&#8221;][\/et_pb_heading][et_pb_text _builder_version=&#8221;4.25.0&#8243; _module_preset=&#8221;default&#8221; global_colors_info=&#8221;{}&#8221;]<\/p>\n<p style=\"text-align: center;\"><span style=\"color: #ffffff;\">F.IRE \u00e8 diventata <strong>Societ\u00e0 Benefit<\/strong>, fra le primissime in Italia nel suo settore: cos\u00ec la <strong>formazione<\/strong> diventa anche <strong>sostenibile e responsabile<\/strong>. <\/span><span style=\"color: #ffffff; font-size: 14px;\">\u00c8 una libera scelta, un nostro impegno preciso e deciso per offrire pi\u00f9 <\/span><strong style=\"color: #ffffff; font-size: 14px;\">benefici sociali<\/strong><span style=\"color: #ffffff; font-size: 14px;\">, pi\u00f9 <\/span><strong style=\"color: #ffffff; font-size: 14px;\">attenzione all\u2019ambiente<\/strong><span style=\"color: #ffffff; font-size: 14px;\"> e pi\u00f9 <\/span><strong style=\"color: #ffffff; font-size: 14px;\">benessere alle persone<\/strong><span style=\"color: #ffffff; font-size: 14px;\">.<\/span><\/p>\n<p>[\/et_pb_text][\/et_pb_column][\/et_pb_row][\/et_pb_section][et_pb_section fb_built=&#8221;1&#8243; _builder_version=&#8221;4.25.0&#8243; _module_preset=&#8221;default&#8221; global_colors_info=&#8221;{}&#8221;][et_pb_row custom_padding_last_edited=&#8221;on|phone&#8221; _builder_version=&#8221;4.25.0&#8243; _module_preset=&#8221;default&#8221; custom_padding_tablet=&#8221;&#8221; custom_padding_phone=&#8221;25px||25px||false|false&#8221; global_colors_info=&#8221;{}&#8221;][et_pb_column type=&#8221;4_4&#8243; _builder_version=&#8221;4.25.0&#8243; _module_preset=&#8221;default&#8221; global_colors_info=&#8221;{}&#8221;][et_pb_testimonial author=&#8221;Pietro Jacassi&#8221; job_title=&#8221;Owner F.IRE e responsabile del progetto benefit&#8221; _builder_version=&#8221;4.27.4&#8243; _module_preset=&#8221;default&#8221; author_text_align=&#8221;left&#8221; global_colors_info=&#8221;{}&#8221;]<\/p>\n<h3 style=\"text-align: center;\"><span style=\"color: #333333;\"><b>Presentazione Relazione di Impatto 2024 \u2013 F.IRE srl Societ\u00e0 Benefit<\/b>\u00a0<\/span><\/h3>\n<p style=\"text-align: justify;\"><b><span data-contrast=\"auto\">\u00c8 gi\u00e0 passato un anno da quando F.IRE S.r.l. \u00e8 diventata Societ\u00e0 Benefit.<\/span><\/b><span data-ccp-props=\"{&quot;335551550&quot;:6,&quot;335551620&quot;:6}\">\u00a0<\/span><\/p>\n<p style=\"text-align: justify;\"><span data-contrast=\"auto\">Con grande soddisfazione presentiamo la nostra Relazione di Impatto 2024, un documento che testimonia il nostro impegno come Societ\u00e0 Benefit nel campo della formazione. Il nostro obiettivo \u00e8 generare un valore reale per la societ\u00e0, contribuendo alla lotta alla disoccupazione e alla crescita professionale e personale di individui e organizzazioni attraverso percorsi educativi innovativi e accessibili.<\/span><span data-ccp-props=\"{&quot;335551550&quot;:6,&quot;335551620&quot;:6}\">\u00a0<\/span><\/p>\n<p style=\"text-align: justify;\"><span data-contrast=\"auto\">Come ben sappiamo l\u2019anno trascorso non \u00e8 stato positivo per i temi della sostenibilit\u00e0.<\/span><span data-ccp-props=\"{&quot;335551550&quot;:6,&quot;335551620&quot;:6}\">\u00a0<\/span><\/p>\n<p style=\"text-align: justify;\"><span data-contrast=\"auto\">Sul fronte ambientale, le difficolt\u00e0 economiche mondiali legate alle guerre in corso hanno messo in seconda luce le problematiche del clima e delle emissioni di CO2. Il Green Deal europeo sta subendo notevoli critiche e sicuramente una battuta di arresto. Non a caso la conferenza COP 29 di Baku \u00e8 stata sostanzialmente un insuccesso non raggiungendo nessuno degli obiettivi ipotizzati.<\/span><span data-ccp-props=\"{&quot;335551550&quot;:6,&quot;335551620&quot;:6}\">\u00a0<\/span><\/p>\n<p style=\"text-align: justify;\"><span data-contrast=\"auto\">Sul fronte sociale le problematiche dell\u2019integrazione e dei diritti delle minoranze sono messe sempre pi\u00f9 in discussione dalle forze politiche che stanno emergendo a livello mondiale sostenute da popolazioni sempre pi\u00f9 spaventate per la possibile perdita del livello socioeconomico raggiunto e per l\u2019insicurezza del futuro.<\/span><span data-ccp-props=\"{&quot;335551550&quot;:6,&quot;335551620&quot;:6}\">\u00a0<\/span><\/p>\n<p style=\"text-align: justify;\"><span data-contrast=\"auto\">Il potere sembra gestito sempre pi\u00f9 da grandi attori economici che operano esclusivamente per la loro crescita spesso sostenendo una economia di guerra che \u00e8 l\u2019esatto opposto delle reali esigenze delle popolazioni.<\/span><span data-ccp-props=\"{&quot;335551550&quot;:6,&quot;335551620&quot;:6}\">\u00a0<\/span><\/p>\n<p style=\"text-align: justify;\"><span data-contrast=\"auto\">In questo scenario siamo sempre pi\u00f9 convinti che la <\/span><b><span data-contrast=\"auto\">strategia benefit,<\/span><\/b><span data-contrast=\"auto\"> a cui noi abbiamo aderito con assoluta convinzione, sia l\u2019unica che pu\u00f2 garantire una evoluzione positiva per la societ\u00e0 e di conseguenza anche per le nostre aziende nel medio lungo periodo.<\/span><span data-ccp-props=\"{&quot;335551550&quot;:6,&quot;335551620&quot;:6}\">\u00a0<\/span><\/p>\n<p style=\"text-align: justify;\"><span data-contrast=\"auto\">Abbiamo tenuto presente questo scenario scrivendo, come prevede la normativa, la nostra prima Relazione di Impatto riferita al 2024 che illustra le attivit\u00e0 svolte con riferimento agli obiettivi fissati.<\/span><span data-ccp-props=\"{&quot;335551550&quot;:6,&quot;335551620&quot;:6}\">\u00a0<\/span><\/p>\n<p style=\"text-align: justify;\"><span data-contrast=\"auto\">La relazione presenta anche i nostri nuovi obiettivi 2025. Nel contesto descritto abbiamo deciso di allargare le nostre attivit\u00e0 benefit oltre alle problematiche della disoccupazione e della soddisfazione lavorativa, che fanno parte delle nostre attivit\u00e0 core, ad altre attivit\u00e0 che ci sembrano sempre pi\u00f9 importanti per chi vuol operare in questo contesto.<\/span><span data-ccp-props=\"{&quot;335551550&quot;:6,&quot;335551620&quot;:6}\">\u00a0<\/span><\/p>\n<p style=\"text-align: justify;\"><span data-contrast=\"auto\">In particolare abbiamo deciso di avviare attivit\u00e0 benefit relative a:<\/span><span data-ccp-props=\"{&quot;335551550&quot;:6,&quot;335551620&quot;:6}\">\u00a0<\/span><\/p>\n<ol style=\"text-align: justify;\">\n<li data-leveltext=\"%1.\" data-font=\"Calibri\" data-listid=\"1\" data-list-defn-props=\"{&quot;335552541&quot;:0,&quot;335559685&quot;:720,&quot;335559991&quot;:360,&quot;469769242&quot;:[65533,0],&quot;469777803&quot;:&quot;left&quot;,&quot;469777804&quot;:&quot;%1.&quot;,&quot;469777815&quot;:&quot;hybridMultilevel&quot;}\" aria-setsize=\"-1\" data-aria-posinset=\"1\" data-aria-level=\"1\"><b><span data-contrast=\"auto\">Supporto alla Comunit\u00e0 <\/span><\/b><b><span data-contrast=\"auto\">in cui siamo inseriti (sostanzialmente la citt\u00e0 di Genova)<\/span><\/b><span data-contrast=\"auto\">.\u00a0 Metteremo a disposizione le nostre competenze per collaborare con associazioni che si occupano dell\u2019integrazione degli immigrati e delle problematiche legate alla sanit\u00e0, un tema sempre pi\u00f9 critico per molte persone.<\/span><span data-ccp-props=\"{&quot;134233117&quot;:true,&quot;134233118&quot;:true,&quot;201341983&quot;:0,&quot;335551550&quot;:6,&quot;335551620&quot;:6,&quot;335559740&quot;:240}\">\u00a0<\/span><\/li>\n<\/ol>\n<ol style=\"text-align: justify;\">\n<li data-leveltext=\"%1.\" data-font=\"\" data-listid=\"1\" data-list-defn-props=\"{&quot;335552541&quot;:0,&quot;335559685&quot;:720,&quot;335559991&quot;:360,&quot;469769242&quot;:[65533,0],&quot;469777803&quot;:&quot;left&quot;,&quot;469777804&quot;:&quot;%1.&quot;,&quot;469777815&quot;:&quot;hybridMultilevel&quot;}\" aria-setsize=\"-1\" data-aria-posinset=\"2\" data-aria-level=\"1\"><b><span data-contrast=\"none\">Promozione <\/span><\/b><b><span data-contrast=\"none\">di modelli e sistemi economici orientati ad uno sviluppo sostenibile <\/span><\/b><span data-contrast=\"none\">(quali la forma giuridica di Societ\u00e0 Benefit) in opposizione a modelli orientati esclusivamente al\u00a0 profitto.\u00a0 Questa attivit\u00e0 sar\u00e0 svolta tramite seminari e interventi nei vari contesti in cui ci troviamo ad operare ed in particolare: scuole, aziende, associazioni professionali e privati.<\/span><span data-ccp-props=\"{&quot;201341983&quot;:0,&quot;335551550&quot;:6,&quot;335551620&quot;:6,&quot;335559739&quot;:0,&quot;335559740&quot;:240}\">\u00a0<\/span><\/li>\n<\/ol>\n<p style=\"text-align: justify;\"><span data-contrast=\"auto\">Questa Relazione di Impatto rappresenta per noi un\u2019opportunit\u00e0 per condividere i progressi fatti e gli obiettivi futuri, nella convinzione che solo con un impegno costante e collaborativo sia possibile costruire un futuro pi\u00f9 equo e sostenibile.<\/span><span data-ccp-props=\"{&quot;134233117&quot;:true,&quot;134233118&quot;:true,&quot;201341983&quot;:0,&quot;335551550&quot;:6,&quot;335551620&quot;:6,&quot;335559740&quot;:240}\">\u00a0<\/span><\/p>\n<p style=\"text-align: justify;\"><span data-contrast=\"auto\">Ci auguriamo che le valutazioni che ci hanno portato alla definizione degli obiettivi 2025 siano da Voi condivisi e che troviate la nostra Relazione di Impatto di interesse e di stimolo per vostre considerazioni.<\/span><span data-ccp-props=\"{&quot;335551550&quot;:6,&quot;335551620&quot;:6}\">\u00a0<\/span><\/p>\n<p style=\"text-align: justify;\"><span data-contrast=\"auto\">Ringraziamo tutti coloro che hanno contribuito a rendere possibile questo percorso e ci auguriamo che la nostra visione possa essere fonte di ispirazione e stimolo per tutti coloro che credono nel potere trasformativo della formazione.<\/span><span data-ccp-props=\"{&quot;134233117&quot;:true,&quot;134233118&quot;:true,&quot;201341983&quot;:0,&quot;335551550&quot;:6,&quot;335551620&quot;:6,&quot;335559740&quot;:240}\">\u00a0<\/span><\/p>\n<p style=\"text-align: justify;\"><span data-contrast=\"auto\">F.IRE S.r.l. Societ\u00e0 Benefit<\/span><span data-ccp-props=\"{&quot;134233117&quot;:true,&quot;134233118&quot;:true,&quot;201341983&quot;:0,&quot;335551550&quot;:6,&quot;335551620&quot;:6,&quot;335559740&quot;:240}\">\u00a0<\/span><\/p>\n<p>[\/et_pb_testimonial][\/et_pb_column][\/et_pb_row][\/et_pb_section][et_pb_section fb_built=&#8221;1&#8243; custom_padding_last_edited=&#8221;on|phone&#8221; _builder_version=&#8221;4.25.0&#8243; _module_preset=&#8221;default&#8221; background_color=&#8221;#91b23c&#8221; custom_margin_tablet=&#8221;&#8221; custom_margin_phone=&#8221;25px||||false|false&#8221; custom_margin_last_edited=&#8221;on|phone&#8221; custom_padding_tablet=&#8221;&#8221; custom_padding_phone=&#8221;25px||25px||false|false&#8221; global_colors_info=&#8221;{}&#8221;][et_pb_row _builder_version=&#8221;4.25.0&#8243; _module_preset=&#8221;default&#8221; global_colors_info=&#8221;{}&#8221;][et_pb_column type=&#8221;4_4&#8243; _builder_version=&#8221;4.25.0&#8243; _module_preset=&#8221;default&#8221; global_colors_info=&#8221;{}&#8221;][et_pb_heading title=&#8221;Scarica il Report d&#8217;impatto 2024&#8243; _builder_version=&#8221;4.27.4&#8243; _module_preset=&#8221;default&#8221; title_text_align=&#8221;center&#8221; title_text_color=&#8221;#FFFFFF&#8221; global_colors_info=&#8221;{}&#8221;][\/et_pb_heading][\/et_pb_column][\/et_pb_row][et_pb_row _builder_version=&#8221;4.27.4&#8243; _module_preset=&#8221;default&#8221; global_colors_info=&#8221;{}&#8221;][et_pb_column type=&#8221;4_4&#8243; _builder_version=&#8221;4.27.4&#8243; _module_preset=&#8221;default&#8221; global_colors_info=&#8221;{}&#8221;][et_pb_button button_url=&#8221;https:\/\/entefire.it\/fire\/moduli\/F.IRE_Relazione%20di%20impatto%202024.pdf&#8221; url_new_window=&#8221;on&#8221; button_text=&#8221;REPORT 2024&#8243; button_alignment=&#8221;center&#8221; _builder_version=&#8221;4.27.4&#8243; _module_preset=&#8221;default&#8221; custom_button=&#8221;on&#8221; button_text_size=&#8221;12px&#8221; button_text_color=&#8221;#FFFFFF&#8221; button_bg_color=&#8221;RGBA(0,0,0,0)&#8221; button_border_width=&#8221;2px&#8221; button_border_color=&#8221;#FFFFFF&#8221; button_border_radius=&#8221;10px&#8221; button_letter_spacing=&#8221;1px&#8221; button_font=&#8221;Karla|700||on|||||&#8221; button_icon=&#8221;&#x24;||divi||400&#8243; button_on_hover=&#8221;off&#8221; custom_margin=&#8221;||||false|false&#8221; custom_padding=&#8221;12px|40px|12px|25px|true|false&#8221; global_colors_info=&#8221;{}&#8221; button_text_color__hover=&#8221;#494949&#8243; button_text_color__hover_enabled=&#8221;on|hover&#8221; button_bg_color__hover=&#8221;#FFFFFF&#8221; button_bg_color__hover_enabled=&#8221;on|hover&#8221; button_border_color__hover=&#8221;#FFFFFF&#8221; button_border_color__hover_enabled=&#8221;on|hover&#8221; transform_styles__hover_enabled=&#8221;on|hover&#8221; transform_scale__hover=&#8221;104%|104%&#8221; transform_scale__hover_enabled=&#8221;on|hover&#8221; transform_translate__hover_enabled=&#8221;on|desktop&#8221; transform_rotate__hover_enabled=&#8221;on|desktop&#8221; transform_skew__hover_enabled=&#8221;on|desktop&#8221; transform_origin__hover_enabled=&#8221;on|desktop&#8221;][\/et_pb_button][\/et_pb_column][\/et_pb_row][\/et_pb_section][et_pb_section fb_built=&#8221;1&#8243; fullwidth=&#8221;on&#8221; _builder_version=&#8221;4.25.0&#8243; _module_preset=&#8221;default&#8221; global_colors_info=&#8221;{}&#8221;][\/et_pb_section]<\/p>\n","protected":false},"excerpt":{"rendered":"<p>Relazione d&#8217;impatto 2024 \u00a0F.IRE \u00e8 diventata Societ\u00e0 Benefit, fra le primissime in Italia nel suo settore: cos\u00ec la formazione diventa anche sostenibile e responsabile. \u00c8 una libera scelta, un nostro impegno preciso e deciso per offrire pi\u00f9 benefici sociali, pi\u00f9 attenzione all\u2019ambiente e pi\u00f9 benessere alle persone.Presentazione Relazione di Impatto 2024 \u2013 F.IRE srl Societ\u00e0 [&hellip;]<\/p>\n","protected":false},"author":22,"featured_media":0,"parent":0,"menu_order":0,"comment_status":"closed","ping_status":"closed","template":"","meta":{"_et_pb_use_builder":"on","_et_pb_old_content":"","_et_gb_content_width":"","footnotes":""},"class_list":["post-32197","page","type-page","status-publish","hentry"],"_links":{"self":[{"href":"https:\/\/entefire.it\/fire\/wp-json\/wp\/v2\/pages\/32197","targetHints":{"allow":["GET"]}}],"collection":[{"href":"https:\/\/entefire.it\/fire\/wp-json\/wp\/v2\/pages"}],"about":[{"href":"https:\/\/entefire.it\/fire\/wp-json\/wp\/v2\/types\/page"}],"author":[{"embeddable":true,"href":"https:\/\/entefire.it\/fire\/wp-json\/wp\/v2\/users\/22"}],"replies":[{"embeddable":true,"href":"https:\/\/entefire.it\/fire\/wp-json\/wp\/v2\/comments?post=32197"}],"version-history":[{"count":2,"href":"https:\/\/entefire.it\/fire\/wp-json\/wp\/v2\/pages\/32197\/revisions"}],"predecessor-version":[{"id":33726,"href":"https:\/\/entefire.it\/fire\/wp-json\/wp\/v2\/pages\/32197\/revisions\/33726"}],"wp:attachment":[{"href":"https:\/\/entefire.it\/fire\/wp-json\/wp\/v2\/media?parent=32197"}],"curies":[{"name":"wp","href":"https:\/\/api.w.org\/{rel}","templated":true}]}}