{"id":33640,"date":"2025-10-06T09:02:48","date_gmt":"2025-10-06T07:02:48","guid":{"rendered":"https:\/\/entefire.it\/fire\/?page_id=33640"},"modified":"2025-12-16T13:13:14","modified_gmt":"2025-12-16T12:13:14","slug":"esg-lab-consulenza-sostenibilita-pmi","status":"publish","type":"page","link":"https:\/\/entefire.it\/fire\/esg-lab-consulenza-sostenibilita-pmi\/","title":{"rendered":"F.IRE ESG Lab"},"content":{"rendered":"<p>[et_pb_section fb_built=&#8221;1&#8243; admin_label=&#8221;Header&#8221; _builder_version=&#8221;4.27.4&#8243; _module_preset=&#8221;default&#8221; use_background_color_gradient=&#8221;on&#8221; background_color_gradient_direction=&#8221;153deg&#8221; background_color_gradient_stops=&#8221;rgba(255,255,255,0) 0vw|#0a0a0a 100vw&#8221; background_color_gradient_unit=&#8221;vw&#8221; background_color_gradient_overlays_image=&#8221;on&#8221; background_image=&#8221;https:\/\/entefire.it\/fire\/wp-content\/uploads\/abstract-icon-representing-ecological-call-recycle-reuse-form-pond-with-recycling-symbol-middle-beautiful-untouched-jungle-3d-rendering-1-scaled_processed_by_imagy.jpg&#8221; background_blend=&#8221;lighten&#8221; min_height=&#8221;203.8px&#8221; custom_margin=&#8221;||||false|false&#8221; custom_padding=&#8221;54px||47px|||&#8221; locked=&#8221;off&#8221; collapsed=&#8221;on&#8221; global_colors_info=&#8221;{}&#8221;][et_pb_row column_structure=&#8221;1_2,1_2&#8243; _builder_version=&#8221;4.17.4&#8243; _module_preset=&#8221;default&#8221; global_colors_info=&#8221;{}&#8221;][et_pb_column type=&#8221;1_2&#8243; _builder_version=&#8221;4.17.4&#8243; _module_preset=&#8221;default&#8221; global_colors_info=&#8221;{}&#8221;][et_pb_text _builder_version=&#8221;4.27.4&#8243; _module_preset=&#8221;c16985e1-e0d6-4022-964d-e2bfc04fa633&#8243; text_font_size=&#8221;13px&#8221; header_font=&#8221;Inter|700|||||||&#8221; header_text_color=&#8221;#FFFFFF&#8221; header_font_size=&#8221;41px&#8221; header_line_height=&#8221;1.2em&#8221; header_font_size_tablet=&#8221;40px&#8221; header_font_size_phone=&#8221;24px&#8221; header_font_size_last_edited=&#8221;on|desktop&#8221; global_colors_info=&#8221;{}&#8221;]<\/p>\n<h1><span style=\"color: #ffffff;\">Costruisci un futuro Sostenibile\u00a0 con <br \/>F.IRE ESG Lab<\/span><\/h1>\n<p>[\/et_pb_text][et_pb_text _builder_version=&#8221;4.27.4&#8243; _module_preset=&#8221;default&#8221; header_font_size=&#8221;29px&#8221; header_3_font_size=&#8221;17px&#8221; global_colors_info=&#8221;{}&#8221;]<\/p>\n<h4><strong><span style=\"color: #ffffff;\">Consulenza ESG e Sostenibilit\u00e0 per le PMI<\/span><\/strong><\/h4>\n<p>[\/et_pb_text][\/et_pb_column][et_pb_column type=&#8221;1_2&#8243; _builder_version=&#8221;4.17.4&#8243; _module_preset=&#8221;default&#8221; global_colors_info=&#8221;{}&#8221;][\/et_pb_column][\/et_pb_row][\/et_pb_section][et_pb_section fb_built=&#8221;1&#8243; custom_padding_last_edited=&#8221;on|phone&#8221; _builder_version=&#8221;4.27.4&#8243; _module_preset=&#8221;default&#8221; background_color=&#8221;#91b23c&#8221; custom_padding_tablet=&#8221;&#8221; custom_padding_phone=&#8221;25px||25px||false|false&#8221; locked=&#8221;off&#8221; global_colors_info=&#8221;{}&#8221;][et_pb_row _builder_version=&#8221;4.25.0&#8243; _module_preset=&#8221;default&#8221; global_colors_info=&#8221;{}&#8221;][et_pb_column type=&#8221;4_4&#8243; _builder_version=&#8221;4.25.0&#8243; _module_preset=&#8221;default&#8221; global_colors_info=&#8221;{}&#8221;][et_pb_text _builder_version=&#8221;4.27.4&#8243; _module_preset=&#8221;default&#8221; global_colors_info=&#8221;{}&#8221;]<\/p>\n<p style=\"text-align: justify;\"><span style=\"color: #ffffff;\">Il <strong>laboratorio consulenziale di F.IRE<\/strong> per accompagnare le PMI verso la sostenibilit\u00e0, l&#8217;impatto positivo e la conformit\u00e0 agli standard ESG.<\/span><\/p>\n<p style=\"text-align: justify;\"><span style=\"color: #ffffff;\"><strong>F.IRE ESG Lab<\/strong> \u00e8 la nuova Business Unit consulenziale di F.IRE, dedicata a supportare le piccole e medie imprese nel percorso verso la sostenibilit\u00e0 ambientale, sociale e di governance (ESG).<\/span><\/p>\n<p style=\"text-align: justify;\"><span style=\"color: #ffffff;\">Attraverso servizi pacchettizzati, F.IRE accompagna le PMI in ogni fase<\/span><span style=\"color: #ffffff; font-size: 14px;\"><\/span><\/p>\n<p>[\/et_pb_text][\/et_pb_column][\/et_pb_row][\/et_pb_section][et_pb_section fb_built=&#8221;1&#8243; _builder_version=&#8221;4.27.4&#8243; _module_preset=&#8221;default&#8221; global_colors_info=&#8221;{}&#8221;][et_pb_row _builder_version=&#8221;4.27.4&#8243; _module_preset=&#8221;default&#8221; global_colors_info=&#8221;{}&#8221;][et_pb_column type=&#8221;4_4&#8243; _builder_version=&#8221;4.27.4&#8243; _module_preset=&#8221;default&#8221; global_colors_info=&#8221;{}&#8221;][et_pb_heading title=&#8221;I nostri Servizi&#8221; _builder_version=&#8221;4.27.4&#8243; _module_preset=&#8221;default&#8221; title_text_align=&#8221;center&#8221; title_text_color=&#8221;#91b23c&#8221; global_colors_info=&#8221;{}&#8221;][\/et_pb_heading][\/et_pb_column][\/et_pb_row][et_pb_row column_structure=&#8221;1_3,1_3,1_3&#8243; make_equal=&#8221;on&#8221; _builder_version=&#8221;4.24.0&#8243; _module_preset=&#8221;default&#8221; max_width=&#8221;1800px&#8221; locked=&#8221;off&#8221; global_colors_info=&#8221;{}&#8221;][et_pb_column type=&#8221;1_3&#8243; _builder_version=&#8221;4.24.0&#8243; _module_preset=&#8221;default&#8221; custom_padding=&#8221;30px|30px|30px|30px|true|true&#8221; border_radii=&#8221;on|30px|30px|30px|30px&#8221; border_width_all=&#8221;2px&#8221; border_color_all=&#8221;rgba(0,0,0,0.12)&#8221; global_colors_info=&#8221;{}&#8221;][et_pb_text _builder_version=&#8221;4.27.4&#8243; _module_preset=&#8221;17366cb1-e5de-408a-abf9-e2d49de116ac&#8221; text_text_color=&#8221;#91b23c&#8221; custom_margin=&#8221;||0px||false|false&#8221; locked=&#8221;off&#8221; global_colors_info=&#8221;{}&#8221;]<\/p>\n<h5><span style=\"color: #008000;\"><strong>Assessment ESG basato su standard UNI\/PdR 134:2022 (fino a 49 dipendenti)<\/strong><\/span><\/h5>\n<p>[\/et_pb_text][et_pb_text _builder_version=&#8221;4.27.4&#8243; _module_preset=&#8221;47eb7a50-ccf2-4d5d-b614-988da106cafb&#8221; locked=&#8221;off&#8221; global_colors_info=&#8221;{}&#8221;]<\/p>\n<p>Una valutazione delle Performance ESG con lo Standard UNI\/PdR 134:2022 per le aziende fino a 49 dipendenti<\/p>\n<p>[\/et_pb_text][\/et_pb_column][et_pb_column type=&#8221;1_3&#8243; _builder_version=&#8221;4.22.0&#8243; _module_preset=&#8221;default&#8221; custom_padding=&#8221;30px|30px|30px|30px|true|true&#8221; border_radii=&#8221;on|30px|30px|30px|30px&#8221; border_width_all=&#8221;2px&#8221; border_color_all=&#8221;rgba(0,0,0,0.12)&#8221; global_colors_info=&#8221;{}&#8221;][et_pb_text _builder_version=&#8221;4.27.4&#8243; _module_preset=&#8221;17366cb1-e5de-408a-abf9-e2d49de116ac&#8221; text_text_color=&#8221;#91b23c&#8221; custom_margin=&#8221;||0px||false|false&#8221; locked=&#8221;off&#8221; global_colors_info=&#8221;{}&#8221;]<\/p>\n<h5><span style=\"color: #008000;\">Assessment ESG con il B Impact Assessment (B Corp)<\/span><\/h5>\n<p>[\/et_pb_text][et_pb_text _builder_version=&#8221;4.27.4&#8243; _module_preset=&#8221;47eb7a50-ccf2-4d5d-b614-988da106cafb&#8221; locked=&#8221;off&#8221; global_colors_info=&#8221;{}&#8221;]<\/p>\n<p>Un&#8217;analisi ESG, basata sullo standard internazionale BIA (B Impact Assessment), per valutare l\u2019impatto reale dell\u2019azienda in ambito ambientale, sociale e di governance<\/p>\n<p>[\/et_pb_text][\/et_pb_column][et_pb_column type=&#8221;1_3&#8243; _builder_version=&#8221;4.24.0&#8243; _module_preset=&#8221;default&#8221; custom_padding=&#8221;30px|30px|30px|30px|true|true&#8221; border_radii=&#8221;on|30px|30px|30px|30px&#8221; border_width_all=&#8221;2px&#8221; border_color_all=&#8221;rgba(0,0,0,0.12)&#8221; global_colors_info=&#8221;{}&#8221;][et_pb_text _builder_version=&#8221;4.27.4&#8243; _module_preset=&#8221;17366cb1-e5de-408a-abf9-e2d49de116ac&#8221; custom_margin=&#8221;||0px||false|false&#8221; locked=&#8221;off&#8221; global_colors_info=&#8221;{}&#8221;]<\/p>\n<h5><span style=\"color: #008000;\">Diventare una Societ\u00e0 Benefit<\/span><\/h5>\n<p>[\/et_pb_text][et_pb_text _builder_version=&#8221;4.27.4&#8243; _module_preset=&#8221;47eb7a50-ccf2-4d5d-b614-988da106cafb&#8221; locked=&#8221;off&#8221; global_colors_info=&#8221;{}&#8221;]<\/p>\n<p>Supporto al percorso per diventare una Societ\u00e0 Benefit e avvicinarsi al mondo ESG<\/p>\n<p>[\/et_pb_text][\/et_pb_column][\/et_pb_row][et_pb_row column_structure=&#8221;1_3,1_3,1_3&#8243; make_equal=&#8221;on&#8221; _builder_version=&#8221;4.24.0&#8243; _module_preset=&#8221;default&#8221; max_width=&#8221;1800px&#8221; locked=&#8221;off&#8221; global_colors_info=&#8221;{}&#8221;][et_pb_column type=&#8221;1_3&#8243; _builder_version=&#8221;4.24.0&#8243; _module_preset=&#8221;default&#8221; custom_padding=&#8221;30px|30px|30px|30px|true|true&#8221; border_radii=&#8221;on|30px|30px|30px|30px&#8221; border_width_all=&#8221;2px&#8221; border_color_all=&#8221;rgba(0,0,0,0.12)&#8221; global_colors_info=&#8221;{}&#8221;][et_pb_text _builder_version=&#8221;4.27.4&#8243; _module_preset=&#8221;17366cb1-e5de-408a-abf9-e2d49de116ac&#8221; custom_margin=&#8221;||0px||false|false&#8221; locked=&#8221;off&#8221; global_colors_info=&#8221;{}&#8221;]<\/p>\n<h5><span style=\"color: #008000;\">Report GHG e Carbon Management<\/span><\/h5>\n<p>[\/et_pb_text][et_pb_text _builder_version=&#8221;4.27.4&#8243; _module_preset=&#8221;47eb7a50-ccf2-4d5d-b614-988da106cafb&#8221; locked=&#8221;off&#8221; global_colors_info=&#8221;{}&#8221;]<\/p>\n<p>Un servizio dedicato al calcolo delle emissioni di gas serra secondo le linee guida GHG Protocol, con un focus su Scope 1, Scope 2 e principali fonti Scope 3 (se disponibili)<\/p>\n<p>[\/et_pb_text][\/et_pb_column][et_pb_column type=&#8221;1_3&#8243; _builder_version=&#8221;4.22.0&#8243; _module_preset=&#8221;default&#8221; custom_padding=&#8221;30px|30px|30px|30px|true|true&#8221; border_radii=&#8221;on|30px|30px|30px|30px&#8221; border_width_all=&#8221;2px&#8221; border_color_all=&#8221;rgba(0,0,0,0.12)&#8221; global_colors_info=&#8221;{}&#8221;][et_pb_text _builder_version=&#8221;4.27.4&#8243; _module_preset=&#8221;17366cb1-e5de-408a-abf9-e2d49de116ac&#8221; custom_margin=&#8221;||0px||false|false&#8221; locked=&#8221;off&#8221; global_colors_info=&#8221;{}&#8221;]<\/p>\n<h5><span style=\"color: #008000;\">Bilancio di Sostenibilit\u00e0 conforme VSME<\/span><\/h5>\n<p>[\/et_pb_text][et_pb_text _builder_version=&#8221;4.27.4&#8243; _module_preset=&#8221;47eb7a50-ccf2-4d5d-b614-988da106cafb&#8221; locked=&#8221;off&#8221; global_colors_info=&#8221;{}&#8221;]<\/p>\n<p>Supporto all&#8217;elaborazione del Bilancio di Sostenibilit\u00e0 secondo lo Standard Europeo VSME<\/p>\n<p>[\/et_pb_text][\/et_pb_column][et_pb_column type=&#8221;1_3&#8243; _builder_version=&#8221;4.24.0&#8243; _module_preset=&#8221;default&#8221; custom_padding=&#8221;30px|30px|30px|30px|true|true&#8221; border_radii=&#8221;on|30px|30px|30px|30px&#8221; border_width_all=&#8221;2px&#8221; border_color_all=&#8221;rgba(0,0,0,0.12)&#8221; global_colors_info=&#8221;{}&#8221;][et_pb_text _builder_version=&#8221;4.27.4&#8243; _module_preset=&#8221;17366cb1-e5de-408a-abf9-e2d49de116ac&#8221; custom_margin=&#8221;||0px||false|false&#8221; locked=&#8221;off&#8221; global_colors_info=&#8221;{}&#8221;]<\/p>\n<h5><span style=\"color: #008000;\">Supporto alla Certificazione B Corp<\/span><\/h5>\n<p>[\/et_pb_text][et_pb_text _builder_version=&#8221;4.27.4&#8243; _module_preset=&#8221;47eb7a50-ccf2-4d5d-b614-988da106cafb&#8221; locked=&#8221;off&#8221; global_colors_info=&#8221;{}&#8221;]<\/p>\n<p>Servizio per accompagnare l\u2019azienda alla certificazione B Corp, migliorando il proprio impatto e raggiungendo la soglia richiesta dal BIA (B Impact Assessment)<\/p>\n<p>[\/et_pb_text][\/et_pb_column][\/et_pb_row][\/et_pb_section][et_pb_section fb_built=&#8221;1&#8243; fullwidth=&#8221;on&#8221; _builder_version=&#8221;4.25.0&#8243; _module_preset=&#8221;default&#8221; global_colors_info=&#8221;{}&#8221;][\/et_pb_section][et_pb_section fb_built=&#8221;1&#8243; _builder_version=&#8221;4.27.4&#8243; _module_preset=&#8221;default&#8221; global_colors_info=&#8221;{}&#8221;][et_pb_row _builder_version=&#8221;4.27.4&#8243; _module_preset=&#8221;default&#8221; global_colors_info=&#8221;{}&#8221;][et_pb_column type=&#8221;4_4&#8243; _builder_version=&#8221;4.27.4&#8243; _module_preset=&#8221;default&#8221; global_colors_info=&#8221;{}&#8221;][et_pb_image _builder_version=&#8221;4.27.4&#8243; _module_preset=&#8221;default&#8221; global_colors_info=&#8221;{}&#8221;][\/et_pb_image][\/et_pb_column][\/et_pb_row][\/et_pb_section]<\/p>\n","protected":false},"excerpt":{"rendered":"<p>Costruisci un futuro Sostenibile\u00a0 con F.IRE ESG LabConsulenza ESG e Sostenibilit\u00e0 per le PMIIl laboratorio consulenziale di F.IRE per accompagnare le PMI verso la sostenibilit\u00e0, l&#8217;impatto positivo e la conformit\u00e0 agli standard ESG. F.IRE ESG Lab \u00e8 la nuova Business Unit consulenziale di F.IRE, dedicata a supportare le piccole e medie imprese nel percorso verso [&hellip;]<\/p>\n","protected":false},"author":22,"featured_media":0,"parent":0,"menu_order":0,"comment_status":"closed","ping_status":"closed","template":"","meta":{"_et_pb_use_builder":"on","_et_pb_old_content":"","_et_gb_content_width":"","footnotes":""},"class_list":["post-33640","page","type-page","status-publish","hentry"],"_links":{"self":[{"href":"https:\/\/entefire.it\/fire\/wp-json\/wp\/v2\/pages\/33640","targetHints":{"allow":["GET"]}}],"collection":[{"href":"https:\/\/entefire.it\/fire\/wp-json\/wp\/v2\/pages"}],"about":[{"href":"https:\/\/entefire.it\/fire\/wp-json\/wp\/v2\/types\/page"}],"author":[{"embeddable":true,"href":"https:\/\/entefire.it\/fire\/wp-json\/wp\/v2\/users\/22"}],"replies":[{"embeddable":true,"href":"https:\/\/entefire.it\/fire\/wp-json\/wp\/v2\/comments?post=33640"}],"version-history":[{"count":21,"href":"https:\/\/entefire.it\/fire\/wp-json\/wp\/v2\/pages\/33640\/revisions"}],"predecessor-version":[{"id":34507,"href":"https:\/\/entefire.it\/fire\/wp-json\/wp\/v2\/pages\/33640\/revisions\/34507"}],"wp:attachment":[{"href":"https:\/\/entefire.it\/fire\/wp-json\/wp\/v2\/media?parent=33640"}],"curies":[{"name":"wp","href":"https:\/\/api.w.org\/{rel}","templated":true}]}}